{"id":251,"date":"2022-05-05T13:15:24","date_gmt":"2022-05-05T17:15:24","guid":{"rendered":"https:\/\/www.calfeutrageprospect.com\/home\/"},"modified":"2022-06-13T17:04:47","modified_gmt":"2022-06-13T21:04:47","slug":"home","status":"publish","type":"page","link":"https:\/\/www.calfeutrageprospect.com\/en\/","title":{"rendered":"Home"},"content":{"rendered":"<div class=\"gb-container gb-container-bd932284\" id=\"services\"><div class=\"gb-inside-container\">\n\n<h2 class=\"wp-block-heading\"><strong>OUR SERVICES<\/strong><\/h2>\n\n\n\n<p>Calfeutrage Prospect Inc. is a contractor specialized in firestop systems, door and window caulking, masonry sealants (structural header, control joints), concrete slab sealants (perimeter and saw cuts), finishing sealants and installation of metal cladding (wall, soffit, fascia).<\/p>\n\n\n<div class=\"gb-grid-wrapper gb-grid-wrapper-52022290\">\n<div class=\"gb-grid-column gb-grid-column-c9bd4c9a\"><div class=\"gb-container gb-container-c9bd4c9a\"><div class=\"gb-inside-container\">\n<div class=\"gb-container gb-container-2fb3f266 link-service-calfeutrage\"><div class=\"gb-inside-container\">\n<div class=\"wp-block-image\">\n<figure class=\"aligncenter size-full is-resized\"><img loading=\"lazy\" decoding=\"async\" src=\"http:\/\/www.calfeutrageprospect.com\/wp-content\/uploads\/2022\/05\/icon-calfeutrage.png\" alt=\"\" class=\"wp-image-115\" width=\"90\" height=\"90\" srcset=\"https:\/\/www.calfeutrageprospect.com\/wp-content\/uploads\/2022\/05\/icon-calfeutrage.png 180w, https:\/\/www.calfeutrageprospect.com\/wp-content\/uploads\/2022\/05\/icon-calfeutrage-150x150.png 150w\" sizes=\"auto, (max-width: 90px) 100vw, 90px\" \/><\/figure>\n<\/div>\n\n\n<div style=\"height:20px\" aria-hidden=\"true\" class=\"wp-block-spacer\"><\/div>\n\n\n\n<h4 class=\"has-text-align-center no-margin-bottom wp-block-heading\"><strong>CAULKING<\/strong><\/h4>\n\n\n\n<p class=\"has-text-align-center no-margin-bottom has-accent-color has-text-color\"><em>Exterior \/ Interior<\/em><\/p>\n\n<\/div><\/div>\n<\/div><\/div><\/div>\n\n<div class=\"gb-grid-column gb-grid-column-5234af80\"><div class=\"gb-container gb-container-5234af80\"><div class=\"gb-inside-container\">\n<div class=\"gb-container gb-container-7fc723d4 link-service-porte\"><div class=\"gb-inside-container\">\n<div class=\"wp-block-image\">\n<figure class=\"aligncenter size-full is-resized\"><img loading=\"lazy\" decoding=\"async\" src=\"http:\/\/www.calfeutrageprospect.com\/wp-content\/uploads\/2022\/05\/icon-fenetre.png\" alt=\"\" class=\"wp-image-130\" width=\"90\" height=\"90\" srcset=\"https:\/\/www.calfeutrageprospect.com\/wp-content\/uploads\/2022\/05\/icon-fenetre.png 180w, https:\/\/www.calfeutrageprospect.com\/wp-content\/uploads\/2022\/05\/icon-fenetre-150x150.png 150w\" sizes=\"auto, (max-width: 90px) 100vw, 90px\" \/><\/figure>\n<\/div>\n\n\n<div style=\"height:20px\" aria-hidden=\"true\" class=\"wp-block-spacer\"><\/div>\n\n\n\n<h4 class=\"has-text-align-center no-margin-bottom wp-block-heading\"><strong>DOORS AND WINDOWS<\/strong><\/h4>\n\n\n\n<p class=\"has-text-align-center no-margin-bottom has-accent-color has-text-color\"><em>Installation and supply service<\/em><\/p>\n\n<\/div><\/div>\n<\/div><\/div><\/div>\n\n<div class=\"gb-grid-column gb-grid-column-9ea42e90\"><div class=\"gb-container gb-container-9ea42e90\"><div class=\"gb-inside-container\">\n<div class=\"gb-container gb-container-421f5ff9 link-service-revetement\"><div class=\"gb-inside-container\">\n<div class=\"wp-block-image\">\n<figure class=\"aligncenter size-full is-resized\"><img loading=\"lazy\" decoding=\"async\" src=\"http:\/\/www.calfeutrageprospect.com\/wp-content\/uploads\/2022\/05\/icon-edifice.png\" alt=\"\" class=\"wp-image-129\" width=\"90\" height=\"90\" srcset=\"https:\/\/www.calfeutrageprospect.com\/wp-content\/uploads\/2022\/05\/icon-edifice.png 180w, https:\/\/www.calfeutrageprospect.com\/wp-content\/uploads\/2022\/05\/icon-edifice-150x150.png 150w\" sizes=\"auto, (max-width: 90px) 100vw, 90px\" \/><\/figure>\n<\/div>\n\n\n<div style=\"height:20px\" aria-hidden=\"true\" class=\"wp-block-spacer\"><\/div>\n\n\n\n<h4 class=\"has-text-align-center no-margin-bottom wp-block-heading\"><strong>EXTERIOR SIDING<\/strong><\/h4>\n\n\n\n<p class=\"has-text-align-center no-margin-bottom has-accent-color has-text-color\"><em>Residential \/ Commercial<\/em><\/p>\n\n<\/div><\/div>\n<\/div><\/div><\/div>\n<\/div>\n<\/div><\/div><div class=\"gb-container gb-container-cc2d5a4a\"><div class=\"gb-inside-container\">\n<div class=\"gb-container gb-container-cde1c9e1\"><div class=\"gb-inside-container\">\n<div class=\"gb-grid-wrapper gb-grid-wrapper-1f8033f9\">\n<div class=\"gb-grid-column gb-grid-column-f9a28415\"><div class=\"gb-container gb-container-f9a28415\"><div class=\"gb-inside-container\"><\/div><\/div><\/div>\n\n<div class=\"gb-grid-column gb-grid-column-4356565a\"><div class=\"gb-container gb-container-4356565a\"><div class=\"gb-inside-container\">\n\n<h2 class=\"wp-block-heading\">SPECIALSED IN <br\/>FIRESTOP SYSTEMS<\/h2>\n\n\n\n<p>For industrial, commercial, residential and institutional projects in the Montreal, Eastern Townships, Centre-du-Qu\u00e9bec, Mont\u00e9r\u00e9gie, Laval or elsewhere, Calfeutrage Prospect means quality, efficiency and durability.<\/p>\n\n\n\n<p class=\"no-text-decoration has-accent-color has-text-color\"><strong><a href=\"https:\/\/www.calfeutrageprospect.com\/en\/projects\/\">SEE OUR PROJECTS<\/a><\/strong><\/p>\n\n<\/div><\/div><\/div>\n<\/div>\n<\/div><\/div>\n<\/div><\/div><div class=\"gb-container gb-container-5010dd95\"><div class=\"gb-inside-container\">\n<div class=\"gb-container gb-container-9e832195\"><div class=\"gb-inside-container\">\n<div class=\"gb-grid-wrapper gb-grid-wrapper-402b96b6\">\n<div class=\"gb-grid-column gb-grid-column-2c63c3e7\"><div class=\"gb-container gb-container-2c63c3e7\"><div class=\"gb-inside-container\">\n\n<h2 class=\"wp-block-heading\">SPECIALIST <br\/>IN HIGH ALTITUTE PROJECTS<\/h2>\n\n\n\n<p>Calfeutrage Prospect Inc. is a specialist contractor for high altitude calking, as well as exterior siding and installation of doors and windows. We change and install (installation and supply service) and exterior siding for residential and commercial projects.<\/p>\n\n\n\n<p class=\"no-text-decoration has-accent-color has-text-color\"><strong><a href=\"http:\/\/www.calfeutrageprospect.com\/services\/\" data-type=\"page\" data-id=\"16\">LEARN MORE<\/a><\/strong><\/p>\n\n<\/div><\/div><\/div>\n\n<div class=\"gb-grid-column gb-grid-column-1c55569a\"><div class=\"gb-container gb-container-1c55569a\"><div class=\"gb-inside-container\"><\/div><\/div><\/div>\n<\/div>\n<\/div><\/div>\n<\/div><\/div>","protected":false},"excerpt":{"rendered":"<p>OUR SERVICES Calfeutrage Prospect Inc. is a contractor specialized in firestop systems, door and window caulking, masonry sealants (structural header, control joints), concrete slab sealants (perimeter and saw cuts), finishing sealants and installation of metal cladding (wall, soffit, fascia).<\/p>\n","protected":false},"author":3,"featured_media":0,"parent":0,"menu_order":0,"comment_status":"closed","ping_status":"closed","template":"","meta":{"inline_featured_image":false,"footnotes":""},"class_list":["post-251","page","type-page","status-publish"],"_links":{"self":[{"href":"https:\/\/www.calfeutrageprospect.com\/en\/wp-json\/wp\/v2\/pages\/251","targetHints":{"allow":["GET"]}}],"collection":[{"href":"https:\/\/www.calfeutrageprospect.com\/en\/wp-json\/wp\/v2\/pages"}],"about":[{"href":"https:\/\/www.calfeutrageprospect.com\/en\/wp-json\/wp\/v2\/types\/page"}],"author":[{"embeddable":true,"href":"https:\/\/www.calfeutrageprospect.com\/en\/wp-json\/wp\/v2\/users\/3"}],"replies":[{"embeddable":true,"href":"https:\/\/www.calfeutrageprospect.com\/en\/wp-json\/wp\/v2\/comments?post=251"}],"version-history":[{"count":0,"href":"https:\/\/www.calfeutrageprospect.com\/en\/wp-json\/wp\/v2\/pages\/251\/revisions"}],"wp:attachment":[{"href":"https:\/\/www.calfeutrageprospect.com\/en\/wp-json\/wp\/v2\/media?parent=251"}],"curies":[{"name":"wp","href":"https:\/\/api.w.org\/{rel}","templated":true}]}}